{"id":34,"date":"2025-07-17T06:28:06","date_gmt":"2025-07-17T06:28:06","guid":{"rendered":"https:\/\/sanken-co.jp\/?page_id=34"},"modified":"2025-07-17T06:29:45","modified_gmt":"2025-07-17T06:29:45","slug":"diy%e3%81%ab%e5%bd%b9%e7%ab%8b%e3%81%a4%e3%82%a2%e3%83%ab%e3%83%9f%e3%82%a2%e3%83%b3%e3%82%b0%e3%83%ab","status":"publish","type":"page","link":"https:\/\/sanken-co.jp\/?page_id=34","title":{"rendered":"DIY\u306b\u5f79\u7acb\u3064\u30a2\u30eb\u30df\u30a2\u30f3\u30b0\u30eb"},"content":{"rendered":"\n<p><strong>\u30a2\u30eb\u30df\u30a2\u30f3\u30b0\u30eb\u306e\u57fa\u672c\u7279\u6027\u3068 DIY \u30e1\u30ea\u30c3\u30c8<\/strong><br>\u30a2\u30eb\u30df\u30a2\u30f3\u30b0\u30eb\uff08L \u578b\u6750\uff09\u306f\u3001\u30a2\u30eb\u30df\u89d2\u30d1\u30a4\u30d7\u3068\u4e26\u3076 DIY \u306e\u5b9a\u756a\u7d20\u6750\u3067\u3059\u304c\u3001\u201c\u66f2\u3052\u5fdc\u529b\u306b\u5f37\u3044\u88dc\u5f37\u6750\u201d\u3068\u3044\u3046\u70b9\u3067\u3072\u3068\u304d\u308f\u5b58\u5728\u611f\u3092\u653e\u3061\u307e\u3059\u3002\u6bd4\u91cd 2.7 \u3068\u8efd\u91cf\u3067\u3042\u308a\u306a\u304c\u3089\u3001L \u5b57\u65ad\u9762\u304c\u8377\u91cd\u3092\uff12\u65b9\u5411\u3078\u5206\u6563\u3059\u308b\u305f\u3081\u3001\u68da\u53d7\u3051\u3084\u30b3\u30fc\u30ca\u30fc\u30d5\u30ec\u30fc\u30e0\u306e\u525b\u6027\u5411\u4e0a\u306b\u6700\u9069\u3002\u7b49\u8fba\u30a2\u30f3\u30b0\u30eb\u306f\u5e45\u304c\u540c\u4e00\u3067\u76f4\u89d2\u3092\u53d6\u308a\u3084\u3059\u304f\u3001\u7bb1\u7269\u3084\u30d5\u30ec\u30fc\u30e0\u306e\u300c\u89d2\u51fa\u3057\u300d\u3092\u6b63\u78ba\u306b\u884c\u3048\u308b\u306e\u304c\u5229\u70b9\u3067\u3059\u3002\u4e00\u65b9\u3001\u4e0d\u7b49\u8fba\u30a2\u30f3\u30b0\u30eb\u306f\u7247\u5074\u30d5\u30e9\u30f3\u30b8\u3092\u9577\u304f\u53d6\u308c\u308b\u305f\u3081\u3001\u58c1\u9762\u3084\u5e8a\u9762\u306b\u6cbf\u308f\u305b\u3066\u201c\u9762\u201d\u3067\u30d3\u30b9\u6b62\u3081\u3067\u304d\u3001\u632f\u52d5\u3092\u5acc\u3046\u30aa\u30fc\u30c7\u30a3\u30aa\u30e9\u30c3\u30af\u3084\u30ac\u30ec\u30fc\u30b8\u306e\u4f5c\u696d\u53f0\u811a\u306b\u63a1\u7528\u3055\u308c\u3066\u3044\u307e\u3059\u3002<\/p>\n\n\n\n<p>\u30cb\u30c3\u30ab\u30eb\u5546\u5de5\u682a\u5f0f\u4f1a\u793e\u3067\u306f <strong>A6063-T5<\/strong> \u3092\u4e2d\u5fc3\u306b\u3001\u5f37\u5ea6\u91cd\u8996\u306e <strong>A5052\uff0fA6005C\uff0fA7204<\/strong> \u306a\u3069\u3082\u5e38\u5099\u3057\u3001<strong>\u7b49\u8fba\u30fb\u4e0d\u7b49\u8fba\u30fbR \u4ed8\u30a2\u30f3\u30b0\u30eb\u307e\u3067\u898f\u683c\u30d5\u30eb\u30e9\u30a4\u30f3\u30a2\u30c3\u30d7<\/strong>\u3002\u6700\u5c0f 1\u00d715\u00d715 mm \u304b\u3089\u6700\u5927 12\u00d775\u00d7125 mm \u307e\u3067\u30ab\u30d0\u30fc\u3057\u3001\u9577\u3055\u306f 4 m\u30fb5 m\u30fb6 m \u304b\u3089\u9078\u629e\u3001\u3055\u3089\u306b \u201c\u5fc5\u8981\u5bf8\u6cd5\u306b\u5207\u65ad\u3057\u3066\u5373\u65e5\u767a\u9001\u201d \u3068\u3044\u3046\u30b9\u30d4\u30fc\u30c9\u611f\u304c DIY \u30e6\u30fc\u30b6\u30fc\u306b\u597d\u8a55\u3067\u3059\u3002\u307e\u305f\u3001<strong>\u30b7\u30eb\u30d0\u30fc\u30fb\u30d6\u30e9\u30c3\u30af\u30fb\u30d6\u30ed\u30f3\u30ba\u30fb\u30b9\u30c6\u30f3\u30ab\u30e9\u30fc<\/strong> \u306e\u30a2\u30eb\u30de\u30a4\u30c8\u51e6\u7406\u6750\u3092\u7528\u610f\u3057\u3066\u3044\u308b\u305f\u3081\u3001\u300c\u6728\u76ee\u00d7\u30d6\u30e9\u30c3\u30af\u30d5\u30ec\u30fc\u30e0\u300d\u300c\u30b3\u30f3\u30af\u30ea\u30fc\u30c8\u00d7\u30b9\u30c6\u30f3\u30ab\u30e9\u30fc\u300d\u306a\u3069\u30a4\u30f3\u30c6\u30ea\u30a2\u30c8\u30ec\u30f3\u30c9\u306b\u5408\u308f\u305b\u305f\u30ab\u30e9\u30fc\u30de\u30c3\u30c1\u30f3\u30b0\u3082\u5bb9\u6613\u3002\u30a2\u30eb\u30de\u30a4\u30c8\u88ab\u819c\u306f\u30ea\u30f3\u30b4\u306e\u76ae\u306e\u3088\u3046\u306b\u6bcd\u6750\u3092\u5b88\u308a\u3001\u6307\u7d0b\u3084\u9178\u5316\u6c5a\u308c\u3092\u5bc4\u305b\u4ed8\u3051\u306a\u3044\u306e\u3067\u3001\u5c4b\u5916\u30d9\u30f3\u30c1\u3084\u6c34\u56de\u308a\u30b7\u30f3\u30af\u88dc\u5f37\u306b\u3082\u5411\u304d\u307e\u3059\u3002<\/p>\n\n\n\n<p>\u3055\u3089\u306b\u3001\u30cb\u30c3\u30ab\u30eb\u3067\u306f <strong>R \u7121\u3057\u30d4\u30f3\u89d2<\/strong> \u3068 <strong>R \u4ed8\u304d\u30bd\u30d5\u30c8\u30a8\u30c3\u30b8<\/strong> \u306e\uff12\u7cfb\u7d71\u3092\u9078\u629e\u53ef\u3002\u5b50\u3069\u3082\u90e8\u5c4b\u3084\u30da\u30c3\u30c8\u30b9\u30da\u30fc\u30b9\u306b\u306f\u5b89\u5168\u6027\u3092\u9ad8\u3081\u308b R \u4ed8\u304d\u3001\u30a4\u30f3\u30c0\u30b9\u30c8\u30ea\u30a2\u30eb\u8abf\u306e\u7121\u9aa8\u3055\u3092\u6f14\u51fa\u3057\u305f\u3044\u306a\u3089\u30d4\u30f3\u89d2\u3068\u3001\u76ee\u7684\u306b\u5fdc\u3058\u305f\u610f\u5320\u8a2d\u8a08\u304c\u53ef\u80fd\u3067\u3059\u3002\u30a2\u30eb\u30df\u30a2\u30f3\u30b0\u30eb\u306f\u300c\u8efd\u3044\u30fb\u9306\u3073\u306b\u304f\u3044\u30fb\u30ab\u30c3\u30c8\u3057\u3084\u3059\u3044\u300d\u3068\u3044\u3046\u4e09\u62cd\u5b50\u306b\u52a0\u3048\u3001<strong>\u76f4\u89d2\u7cbe\u5ea6\u304c\u9ad8\u3044<\/strong> \u305f\u3081\u6728\u6750\u3088\u308a\u7d44\u307f\u7acb\u3066\u8aa4\u5dee\u304c\u5c0f\u3055\u304f\u3001\u521d\u3081\u3066\u306e DIY \u3067\u3082\u30d7\u30ed\u4e26\u307f\u306e\u4ed5\u4e0a\u304c\u308a\u3092\u72d9\u3048\u308b\u70b9\u304c\u6700\u5927\u306e\u30e1\u30ea\u30c3\u30c8\u3068\u8a00\u3048\u308b\u3067\u3057\u3087\u3046\u3002<\/p>\n\n\n\n<hr class=\"wp-block-separator has-alpha-channel-opacity\"\/>\n\n\n\n<p><strong>DIY \u30d7\u30ed\u30b8\u30a7\u30af\u30c8\u5225\u30fb\u30a2\u30eb\u30df\u30a2\u30f3\u30b0\u30eb\u6d3b\u7528\u5b9f\u4f8b\u96c6<\/strong><\/p>\n\n\n\n<ol class=\"wp-block-list\">\n<li><strong>\u91cd\u91cf\u7d1a\u58c1\u639b\u3051\u30b7\u30a7\u30eb\u30d5\u30d5\u30ec\u30fc\u30e0<\/strong><br>\u3000\u25cf\u6750\u6599\uff1a2\u00d725\u00d725\u00d74000\u202fmm \u7b49\u8fba\u30a2\u30f3\u30b0\u30eb\uff0b1\u00d720\u00d740\u202fmm \u4e0d\u7b49\u8fba\u30a2\u30f3\u30b0\u30eb<br>\u3000\u25cf\u88fd\u4f5c\u30dd\u30a4\u30f3\u30c8\uff1a\u4e0d\u7b49\u8fba\u6750\u3092\u58c1\u306b\u30d3\u30b9\u7559\u3081\u3057\u3066\u201c\u6839\u592a\u201d\u4ee3\u308f\u308a\u306b\u3001\u7b49\u8fba\u6750\u3067\u68da\u677f\u3092\u56f2\u3080\u3002\u8377\u91cd\u3092\u58c1\u9762\u306b\u9762\u3067\u5206\u6563\u3059\u308b\u305f\u3081\u3001\u77f3\u818f\u30dc\u30fc\u30c9\uff0b\u4e0b\u5730\u3067\u3082 20\u202fkg \u8d85\u306e\u30ec\u30b3\u30fc\u30c9\u3092\u5b89\u5fc3\u3057\u3066\u53ce\u7d0d\u53ef\u80fd\u3002\u30d6\u30e9\u30c3\u30af\u30a2\u30eb\u30de\u30a4\u30c8\u4ed5\u69d8\u3092\u9078\u3079\u3070\u3001\u30b9\u30d4\u30fc\u30ab\u30fc\u3084\u30a2\u30f3\u30d7\u306e\u91d1\u5c5e\u30d1\u30fc\u30c4\u3068\u3082\u8abf\u548c\u3057\u3001\u30d3\u30f3\u30c6\u30fc\u30b8\u30aa\u30fc\u30c7\u30a3\u30aa\u3092\u5f15\u304d\u7acb\u3066\u308b\u3002<\/li>\n\n\n\n<li><strong>\u6298\u308a\u7573\u307f\u30ad\u30e3\u30f3\u30d7\u30ad\u30c3\u30c1\u30f3\u30c6\u30fc\u30d6\u30eb<\/strong><br>\u3000\u25cf\u6750\u6599\uff1a1.5\u00d730\u00d730\u202fmm \u7b49\u8fba\uff08\u5929\u677f\u67a0\uff09\u30011\u00d720\u00d720\u202fmm \u7b49\u8fba\uff08\u811a\u30d5\u30ec\u30fc\u30e0\uff09<br>\u3000\u25cf\u52a0\u5de5\uff1a\u811a\u5074\u30a2\u30f3\u30b0\u30eb\u4e21\u7aef\u3092 45\u00b0 \u30c8\u30e1\u5207\u308a\u3057\u30d2\u30f3\u30b8\u3067\u9023\u7d50\u3002\u30cb\u30c3\u30ab\u30eb\u306e <strong>45\u00b0 \u5207\u65ad\u30b5\u30fc\u30d3\u30b9<\/strong> \u3092\u5229\u7528\u3059\u308c\u3070\u3001\u73fe\u5834\u3067\u306f M5 \u30dc\u30eb\u30c8\u3067\u7d44\u3080\u3060\u3051\u3002\u7dcf\u91cd\u91cf 2\u202fkg \u53f0\u3067\u8010\u8377\u91cd 15\u202fkg\u3001\u5bb6\u65cf\uff14\u4eba\u5206\u306e\u30af\u30c3\u30ab\u30fc\u3092\u8f09\u305b\u3066\u3082\u305f\u308f\u307e\u306a\u3044\u3002\u751f\u5730\u6750\u306b\u30af\u30ea\u30a2\u30a2\u30eb\u30de\u30a4\u30c8\u3092\u8ffd\u52a0\u3059\u308b\u3068\u711a\u706b\u5468\u308a\u3067\u3082\u8150\u98df\u3057\u306b\u304f\u3044\u3002<\/li>\n\n\n\n<li><strong>\u30ac\u30ec\u30fc\u30b8\u7528\u30ed\u30fc\u30c9\u30d0\u30a4\u30af\u30b9\u30bf\u30f3\u30c9<\/strong><br>\u3000\u25cf\u6750\u6599\uff1a3\u00d740\u00d740\u202fmm \u7b49\u8fba\uff08\u7e26\u30d5\u30ec\u30fc\u30e0\uff09\u30012\u00d730\u00d750\u202fmm \u4e0d\u7b49\u8fba\uff08\u30d9\u30fc\u30b9\uff09<br>\u3000\u25cf\u30dd\u30a4\u30f3\u30c8\uff1aL \u5b57\u306e\u30b3\u30fc\u30ca\u30fc\u525b\u6027\u3067\u6a2a\u63fa\u308c\u306b\u5f37\u304f\u3001\u53ce\u7d0d\u6642\u306f 75\u202fmm \u5e45\u306b\u6298\u308a\u7573\u3081\u308b\u8a2d\u8a08\u3002\u30d9\u30fc\u30b9\u63a5\u5730\u9762\u306b\u30ed\u30f3\u30b0\u30d5\u30e9\u30f3\u30b8\u4e0d\u7b49\u8fba\u3092\u4f7f\u3046\u3053\u3068\u3067\u30bf\u30a4\u30e4\u306e\u6ed1\u308a\u3092\u9632\u6b62\u3002\u30b9\u30c6\u30f3\u30ab\u30e9\u30fc\u30a2\u30eb\u30de\u30a4\u30c8\u306f\u30c1\u30a7\u30fc\u30f3\u30aa\u30a4\u30eb\u304c\u4ed8\u7740\u3057\u3066\u3082\u62ed\u304d\u53d6\u308a\u3084\u3059\u3044\u3002\u8377\u91cd\u30fb\u50b7\u5bfe\u7b56\u3067 <strong>A6005C<\/strong> \u6750\u8cea\u3092\u9078\u3073\u3001\u30d5\u30ec\u30fc\u30e0\u306d\u3058\u308c\u3092\u6700\u5c0f\u5316\u3002<\/li>\n\n\n\n<li><strong>\u5ba4\u5185\u30b0\u30ea\u30fc\u30f3\u30cf\u30f3\u30ac\u30fc\uff06\u30cf\u30cb\u30ab\u30e0\u30d1\u30fc\u30c6\u30fc\u30b7\u30e7\u30f3<\/strong><br>\u3000\u25cf\u6750\u6599\uff1a2\u00d715\u00d730\u00a0mm \u4e0d\u7b49\u8fba\uff0b\u30a2\u30eb\u30df\u30cf\u30cb\u30ab\u30e0\u30d1\u30cd\u30eb<br>\u3000\u25cf\u7d44\u7acb\uff1a\u4e0d\u7b49\u8fba\u30a2\u30f3\u30b0\u30eb\u5185\u5074\u30d5\u30e9\u30f3\u30b8\u306b\u03a65 \u7a74\u3092\u30d4\u30c3\u30c1 150\u202fmm \u3067\u52a0\u5de5\u3057\u3001\u305d\u3053\u3078\u690d\u683d\u7528 S \u5b57\u30d5\u30c3\u30af\u3092\u5dee\u3057\u8fbc\u3080\u3002\u5916\u5468\u306f\u30cf\u30cb\u30ab\u30e0\u30d1\u30cd\u30eb\u3092\u306f\u3081\u8fbc\u3093\u3067\u81ea\u7acb\u5f0f\u30d1\u30fc\u30c6\u30fc\u30b7\u30e7\u30f3\u306b\u3002\u30cb\u30c3\u30ab\u30eb\u306e <strong>\u7a74\u3042\u3051\uff0b\u30a2\u30eb\u30de\u30a4\u30c8\u540c\u6642\u767a\u6ce8<\/strong> \u3092\u6d3b\u7528\u3059\u308b\u3068\u3001\u4ed5\u4e0a\u3052\u7814\u78e8\u304c\u4e0d\u8981\u3067\u6642\u77ed\u3002<\/li>\n\n\n\n<li><strong>\u30c7\u30b9\u30af\u4e0b\u30b1\u30fc\u30d6\u30eb\u30c8\u30ec\u30fc<\/strong><br>\u3000\u25cf\u6750\u6599\uff1a1.2\u00d710\u00d730\u202fmm \u4e0d\u7b49\u8fba\uff08\u80cc\u9762\uff09\u30011\u00d715\u00d715\u202fmm \u7b49\u8fba\uff08\u30b5\u30a4\u30c9\uff09<br>\u3000\u25cf\u30b3\u30c4\uff1a\u4e0d\u7b49\u8fba\u306e\u9577\u8fba\u3092\u5929\u677f\u88cf\u306b\u30bf\u30c3\u30d4\u30f3\u30b0\u30d3\u30b9\u6b62\u3081\u3057\u3001\u77ed\u8fba\u306b\u914d\u7dda\u3092\u8f09\u305b\u308b\u30b7\u30f3\u30d7\u30eb\u69cb\u9020\u3002\u7b49\u8fba\u6750\u306f\u4e21\u7aef\u30ad\u30e3\u30c3\u30d7\u3067\u5b89\u5168\u6027\u3092\u78ba\u4fdd\u3002\u30b7\u30eb\u30d0\u30fc\u30a2\u30eb\u30de\u30a4\u30c8\u306f\u30e1\u30fc\u30d7\u30eb\u5929\u677f\u3068\u76f8\u6027\u304c\u826f\u304f\u3001\u914d\u7dda\u306e\u8996\u8a8d\u6027\u3082\u9ad8\u3044\u3002<\/li>\n<\/ol>\n\n\n\n<p>\u3053\u308c\u3089\u306e\u4f8b\u306b\u5171\u901a\u3059\u308b\u306e\u306f\u300c\u6728\u6750\u3084\u30b9\u30c1\u30fc\u30eb\u3067\u306f\u30aa\u30fc\u30d0\u30fc\u30b9\u30da\u30c3\u30af\u307e\u305f\u306f\u52a0\u5de5\u304c\u96e3\u3057\u3044\u300d\u5834\u9762\u3092\u3001\u30a2\u30eb\u30df\u30a2\u30f3\u30b0\u30eb\u306e\u76f4\u89d2\u525b\u6027\u3068\u8efd\u3055\u3067\u7f6e\u304d\u63db\u3048\u308b\u767a\u60f3\u3067\u3059\u3002\u30cb\u30c3\u30ab\u30eb\u5546\u5de5\u306e <strong>\u96fb\u8a71 0120\u2011163\u2011256\uff08\u5e73\u65e5 9:00\u201311:59\uff0f13:00\u201317:00\uff09<\/strong> \u306b\u8a2d\u8a08\u56f3\u3084\u5b8c\u6210\u30a4\u30e1\u30fc\u30b8\u3092\u9001\u308b\u3060\u3051\u3067\u3001\u6700\u9069\u306a\u677f\u539a\u30fb\u6750\u8cea\u30fb\u8868\u9762\u51e6\u7406\u3092\u30d7\u30ed\u304c\u63d0\u6848\u3002\u5fc5\u8981\u306a\u52a0\u5de5\u3092\u30ef\u30f3\u30b9\u30c8\u30c3\u30d7\u3067\u4f9d\u983c\u3059\u308c\u3070\u3001\u5c4a\u3044\u305f\u90e8\u6750\u3092\u516d\u89d2\u30ec\u30f3\u30c1\u3060\u3051\u3067\u7d44\u3080\u3060\u3051\u306a\u306e\u3067\u3001\u4f5c\u696d\u6642\u9593\u3068\u5de5\u5177\u30b3\u30b9\u30c8\u3092\u5927\u5e45\u306b\u524a\u6e1b\u3067\u304d\u307e\u3059\u3002<\/p>\n\n\n\n<hr class=\"wp-block-separator has-alpha-channel-opacity\"\/>\n\n\n\n<p><strong>\u5931\u6557\u3057\u306a\u3044\u30a2\u30eb\u30df\u30a2\u30f3\u30b0\u30eb\u306e\u9078\u5b9a\u30fb\u52a0\u5de5\u30fb\u8cfc\u5165\u30ac\u30a4\u30c9<\/strong><br><strong>\u2460\u30b5\u30a4\u30ba\u9078\u5b9a\uff1d\u8377\u91cd\u00d7\u30b9\u30d1\u30f3\u3092\u9006\u7b97\u3059\u308b<\/strong><br>\u3000\u540c\u3058\u539a\u307f\u3067\u3082\u30b9\u30d1\u30f3\u304c\u9577\u3044\u307b\u3069\u305f\u308f\u307f\u306f\u5897\u52a0\u3002\u4f8b\u3048\u3070 2\u00d730\u00d730\u202fmm \u7b49\u8fba\u3067 1\u202fm \u30b9\u30d1\u30f3\u306b 10\u202fkg \u8377\u91cd\u3092\u639b\u3051\u308b\u5834\u5408\u3001\u4e2d\u5fc3\u305f\u308f\u307f\u306f\u7d04 1.4\u202fmm\u3002\u898b\u305f\u76ee\u306e\u6b6a\u307f\u3092 1\u202fmm \u4ee5\u4e0b\u306b\u6291\u3048\u305f\u3044\u306a\u3089 3\u00d730\u00d730\u202fmm \u3078\u30a2\u30c3\u30d7\u30b0\u30ec\u30fc\u30c9\u3059\u308b\u304b\u3001\u652f\u67f1\u3092\u8ffd\u52a0\u3057\u3066\u30b9\u30d1\u30f3\u3092 700\u202fmm \u306b\u77ed\u7e2e\u3059\u308b\u3002\u8377\u91cd\u8a08\u7b97\u304c\u96e3\u3057\u3044\u5834\u5408\u306f\u3001\u30cb\u30c3\u30ab\u30eb\u306e\u55b6\u696d\u62c5\u5f53\u304c Excel \u8a2d\u8a08\u30b7\u30fc\u30c8\u3067\u5373\u5ea7\u306b\u30b7\u30df\u30e5\u30ec\u30fc\u30b7\u30e7\u30f3\u3057\u3066\u304f\u308c\u308b\u3002<\/p>\n\n\n\n<p><strong>\u2461\u52a0\u5de5\u65b9\u6cd5\uff1d\u201c\u5185 R\u201d \u3068 \u201c\u5916 R\u201d \u3092\u7406\u89e3\u3059\u308b<\/strong><br>\u3000R \u4ed8\u30a2\u30f3\u30b0\u30eb\u306e\u5834\u5408\u3001\u5185\u89d2\u306b 2\u20133\u202fmm \u306e\u4e38\u307f\u304c\u3042\u308b\u305f\u3081\u3001\u30b3\u30fc\u30ca\u30fc\u90e8\u306b\u30dc\u30eb\u30c8\u56fa\u5b9a\u3059\u308b\u969b\u306f\u30ef\u30c3\u30b7\u30e3\u30fc\u5e45\u3092\u78ba\u8a8d\u3002\u30d4\u30f3\u89d2\u30a2\u30f3\u30b0\u30eb\u306a\u3089\u677f\u6750\u5bc6\u7740\u5ea6\u304c\u9ad8\u3044\u4e00\u65b9\u3001\u624b\u3092\u5207\u308a\u3084\u3059\u3044\u306e\u3067\u30d0\u30ea\u53d6\u308a\u5fc5\u9808\u3002\u30cb\u30c3\u30ab\u30eb\u306e <strong>\u9762\u53d6\u308a\u52a0\u5de5\u30b5\u30fc\u30d3\u30b9<\/strong> \u3092\u5229\u7528\u3059\u308b\u3068\u3001\u5b89\u5168\u3068\u4f5c\u696d\u6027\u3092\u4e21\u7acb\u3067\u304d\u308b\u3002<\/p>\n\n\n\n<p><strong>\u2462\u8868\u9762\u4ed5\u4e0a\u3052\uff1d\u74b0\u5883\u3067\u9078\u3076\u30a2\u30eb\u30de\u30a4\u30c8\u30ab\u30e9\u30fc<\/strong><br>\u3000\u5c4b\u5916\uff08\u30d0\u30eb\u30b3\u30cb\u30fc\u3001\u30ab\u30fc\u30dd\u30fc\u30c8\uff09\u306f\u7d2b\u5916\u7dda\u9000\u8272\u306b\u5f37\u3044\u30d6\u30e9\u30c3\u30af\uff0f\u30d6\u30ed\u30f3\u30ba\u3001\u30ad\u30c3\u30c1\u30f3\u3084\u6c34\u69fd\u53f0\u306f\u30b9\u30c6\u30f3\u30ab\u30e9\u30fc\u3001\u5ba4\u5185\u30a4\u30f3\u30c6\u30ea\u30a2\u306f\u30b7\u30eb\u30d0\u30fc\u304c\u5b9a\u756a\u3002\u30ab\u30e9\u30fc\u9078\u5b9a\u306b\u8ff7\u3063\u305f\u3089\u3001\u751f\u5730\u6750\u3067\u7d44\u307f\u4e0a\u3052\u2192\u4f7f\u7528\u74b0\u5883\u3092\u78ba\u8a8d\u2192\u5f8c\u304b\u3089\u5e0c\u671b\u8272\u3067\u518d\u30a2\u30eb\u30de\u30a4\u30c8\u3068\u3044\u3046\u30d7\u30e9\u30f3\u3082\u53ef\u80fd\u3002<\/p>\n\n\n\n<p><strong>\u2463\u767a\u6ce8\u306e\u6d41\u308c\uff1d\u201c\u56f3\u9762\u30ec\u30b9\u201d\u3067\u3082 OK<\/strong><br>\u30001) \u7528\u9014\u3068\u304a\u304a\u307e\u304b\u306a\u5bf8\u6cd5\u3092\u96fb\u8a71\u304b\u30e1\u30fc\u30eb\u3067\u4f1d\u3048\u308b<br>\u30002) \u62c5\u5f53\u304c\u30b5\u30a4\u30ba\u8868\u304b\u3089\u63a8\u5968\u6750\u3092\u63d0\u6848\u3057\u3001\u52a0\u5de5\u6709\u7121\u3092\u30d2\u30a2\u30ea\u30f3\u30b0<br>\u30003) \u898b\u7a4d\u66f8\u3092\u30e1\u30fc\u30eb\u3067\u53d7\u9818\uff08\u5728\u5eab\u54c1\u306f\u5f53\u65e5\u3001\u7279\u6b8a\u5f62\u72b6\u306f 1\u20132 \u65e5\uff09<br>\u30004) PayPal\uff0f\u639b\u3051\u6255\u3044\uff0f\u9280\u884c\u632f\u8fbc\u3067\u6c7a\u6e08\u5f8c\u3001\u6700\u77ed\u5f53\u65e5\u51fa\u8377<br>\u30005) \u5230\u7740\u5f8c\u3059\u3050\u7d44\u7acb\u3066\u3001\u5b8c\u6210\u30d7\u30ed\u30b8\u30a7\u30af\u30c8\u3092 SNS \u6295\u7a3f\u2015\u2015\u3068\u3044\u3046\u30b9\u30e0\u30fc\u30ba\u3055\u3002<\/p>\n\n\n\n<p><strong>\u2464\u30b3\u30b9\u30c8\u6700\u9069\u5316\uff1d\u4f59\u5c3a\u3092\u201c\u6cbb\u5177\u201d\u306b\u6d3b\u7528<\/strong><br>\u30004\u202fm \u6750\u3092\u5fc5\u8981\u5bf8\u6cd5\u306b\u5207\u65ad\u3057\u305f\u969b\u306b\u767a\u751f\u3059\u308b\u4f59\u308a\uff08\u7aef\u6750\uff09\u306f\u3001\u7c21\u6613\u30af\u30e9\u30f3\u30d7\u30d0\u30fc\u3084\u30c7\u30a3\u30b9\u30d7\u30ec\u30a4\u30b9\u30bf\u30f3\u30c9\u306b\u8ee2\u7528\u53ef\u80fd\u3002\u30cb\u30c3\u30ab\u30eb\u3067\u306f\u7aef\u6750\u306e\u540c\u68b1\u3082\u7121\u6599\u5bfe\u5fdc\u3057\u3066\u3044\u308b\u305f\u3081\u3001\u8ffd\u52a0\u6750\u6599\u8cbb\u30bc\u30ed\u3067\u6cbb\u5177\u3092\u4f5c\u308c\u308b\u306e\u3082\u5b09\u3057\u3044\u30dd\u30a4\u30f3\u30c8\u3067\u3059\u3002<\/p>\n\n\n\n<p>\u2014<\/p>\n\n\n\n<p><strong><a href=\"https:\/\/nikkal.net\/anguru.html\">\u30a2\u30eb\u30df\u30a2\u30f3\u30b0\u30eb<\/a><\/strong>\u306f\u3001<strong>\u8efd\u3055\u30fb\u525b\u6027\u30fb\u52a0\u5de5\u6027\u30fb\u610f\u5320\u6027<\/strong> \u3092\u517c\u306d\u5099\u3048\u305f\u4e07\u80fd\u7d20\u6750\u3067\u3042\u308a\u3001\u76f4\u89d2\u7cbe\u5ea6\u304c\u8981\u6c42\u3055\u308c\u308b DIY \u3067\u3053\u305d\u771f\u4fa1\u3092\u767a\u63ee\u3057\u307e\u3059\u3002\u30cb\u30c3\u30ab\u30eb\u5546\u5de5\u682a\u5f0f\u4f1a\u793e\u306e\u300c\u898f\u683c\u5168\u30b5\u30a4\u30ba\uff0b\u30ef\u30f3\u30b9\u30c8\u30c3\u30d7\u52a0\u5de5\uff0b\u8fc5\u901f\u898b\u7a4d\u3082\u308a\u300d\u4f53\u5236\u3092\u6d3b\u7528\u3059\u308c\u3070\u3001<strong>\u201c\u30a2\u30a4\u30c7\u30a2\u6bb5\u968e\u201d \u304b\u3089 \u201c\u5b8c\u6210\u201d \u307e\u3067\u306e\u8ddd\u96e2\u304c\u5287\u7684\u306b\u77ed\u7e2e<\/strong>\u3002\u6b21\u306e\u9031\u672b\u306f\u3001\u3042\u306a\u305f\u306e\u5275\u9020\u529b\u3092\u30a2\u30eb\u30df\u30a2\u30f3\u30b0\u30eb\u306b\u4e57\u305b\u3066\u3001\u3053\u308c\u307e\u3067\u306b\u306a\u3044\u30b9\u30de\u30fc\u30c8\u306a DIY \u4f5c\u54c1\u3092\u5f62\u306b\u3057\u3066\u307f\u307e\u305b\u3093\u304b\uff1f<\/p>\n","protected":false},"excerpt":{"rendered":"<p>\u30a2\u30eb\u30df\u30a2\u30f3\u30b0\u30eb\u306e\u57fa\u672c\u7279\u6027\u3068 DIY \u30e1\u30ea\u30c3\u30c8\u30a2\u30eb\u30df\u30a2\u30f3\u30b0\u30eb\uff08L \u578b\u6750\uff09\u306f\u3001\u30a2\u30eb\u30df<\/p>\n","protected":false},"author":1,"featured_media":0,"parent":0,"menu_order":0,"comment_status":"closed","ping_status":"closed","template":"","meta":{"footnotes":""},"class_list":["post-34","page","type-page","status-publish","hentry"],"_links":{"self":[{"href":"https:\/\/sanken-co.jp\/index.php?rest_route=\/wp\/v2\/pages\/34","targetHints":{"allow":["GET"]}}],"collection":[{"href":"https:\/\/sanken-co.jp\/index.php?rest_route=\/wp\/v2\/pages"}],"about":[{"href":"https:\/\/sanken-co.jp\/index.php?rest_route=\/wp\/v2\/types\/page"}],"author":[{"embeddable":true,"href":"https:\/\/sanken-co.jp\/index.php?rest_route=\/wp\/v2\/users\/1"}],"replies":[{"embeddable":true,"href":"https:\/\/sanken-co.jp\/index.php?rest_route=%2Fwp%2Fv2%2Fcomments&post=34"}],"version-history":[{"count":2,"href":"https:\/\/sanken-co.jp\/index.php?rest_route=\/wp\/v2\/pages\/34\/revisions"}],"predecessor-version":[{"id":44,"href":"https:\/\/sanken-co.jp\/index.php?rest_route=\/wp\/v2\/pages\/34\/revisions\/44"}],"wp:attachment":[{"href":"https:\/\/sanken-co.jp\/index.php?rest_route=%2Fwp%2Fv2%2Fmedia&parent=34"}],"curies":[{"name":"wp","href":"https:\/\/api.w.org\/{rel}","templated":true}]}}